{"id":80,"date":"2024-06-23T07:00:12","date_gmt":"2024-06-23T07:00:12","guid":{"rendered":"https:\/\/my-souljourney.com\/?post_type=product&#038;p=80"},"modified":"2025-03-12T23:17:53","modified_gmt":"2025-03-12T23:17:53","slug":"retiro-encuentra-tu-ritmo","status":"publish","type":"product","link":"https:\/\/my-souljourney.com\/en\/product\/retiro-encuentra-tu-ritmo\/","title":{"rendered":"Retiro Encuentra Tu Ritmo"},"content":{"rendered":"","protected":false},"excerpt":{"rendered":"<p>\u00a1Acomp\u00e1\u00f1anos a vivir el mejor fin de semana de tu vida! Sum\u00e9rgete en un entorno lleno de energ\u00eda positiva, paisajes sorprendentes y un ambiente que potencia tus manifestaciones.<\/p>\n<p>Te invitamos a ser parte de una experiencia \u00fanica e irrepetible. \u00danete a un grupo de 16 personas dispuestas a aventurarse y divertirse<\/p>\n<p>Disfrutemos juntos de:<\/p>\n<ul>\n<li>Meditaci\u00f3n en movimiento<\/li>\n<li>Din\u00e1micas de integraci\u00f3n<\/li>\n<li>Sesi\u00f3n de respiraci\u00f3n y ice bath<\/li>\n<li>Ecstatic Dance<\/li>\n<li>Excursiones en las faldas del volc\u00e1n Popocat\u00e9petl<\/li>\n<li>Ceremonia de Cacao<\/li>\n<li>Ejercicios de visualizaci\u00f3n<\/li>\n<li>Sesi\u00f3n de sound healing<\/li>\n<li>Fogata y bombones<\/li>\n<li>La mejor fiesta de tu vida<\/li>\n<\/ul>\n<p>And much more!<\/p>","protected":false},"featured_media":533,"template":"","meta":{"_acf_changed":false},"product_brand":[],"product_cat":[16],"product_tag":[],"class_list":{"0":"post-80","1":"product","2":"type-product","3":"status-publish","4":"has-post-thumbnail","6":"product_cat-sin-categorizar","8":"first","9":"instock","10":"virtual","11":"taxable","12":"purchasable","13":"product-type-simple"},"acf":[],"jetpack_sharing_enabled":true,"_links":{"self":[{"href":"https:\/\/my-souljourney.com\/en\/wp-json\/wp\/v2\/product\/80","targetHints":{"allow":["GET"]}}],"collection":[{"href":"https:\/\/my-souljourney.com\/en\/wp-json\/wp\/v2\/product"}],"about":[{"href":"https:\/\/my-souljourney.com\/en\/wp-json\/wp\/v2\/types\/product"}],"wp:featuredmedia":[{"embeddable":true,"href":"https:\/\/my-souljourney.com\/en\/wp-json\/wp\/v2\/media\/533"}],"wp:attachment":[{"href":"https:\/\/my-souljourney.com\/en\/wp-json\/wp\/v2\/media?parent=80"}],"wp:term":[{"taxonomy":"product_brand","embeddable":true,"href":"https:\/\/my-souljourney.com\/en\/wp-json\/wp\/v2\/product_brand?post=80"},{"taxonomy":"product_cat","embeddable":true,"href":"https:\/\/my-souljourney.com\/en\/wp-json\/wp\/v2\/product_cat?post=80"},{"taxonomy":"product_tag","embeddable":true,"href":"https:\/\/my-souljourney.com\/en\/wp-json\/wp\/v2\/product_tag?post=80"}],"curies":[{"name":"wp","href":"https:\/\/api.w.org\/{rel}","templated":true}]}}