{"id":1005,"date":"2025-03-10T22:33:32","date_gmt":"2025-03-10T22:33:32","guid":{"rendered":"https:\/\/my-souljourney.com\/?post_type=product&#038;p=1005"},"modified":"2025-03-21T11:38:10","modified_gmt":"2025-03-21T11:38:10","slug":"ritmo-profundo-cama-individual-mayor-privacidad-y-descanso-profundo","status":"publish","type":"product","link":"https:\/\/my-souljourney.com\/en\/product\/ritmo-profundo-cama-individual-mayor-privacidad-y-descanso-profundo\/","title":{"rendered":"\ud83c\udf1f \u201cRitmo Profundo\u201d (Habitaci\u00f3n Individual)"},"content":{"rendered":"","protected":false},"excerpt":{"rendered":"<p class=\"p1\">\u2022 \u00a0<span class=\"s1\"><b>Habitaci\u00f3n privada VIP<\/b><\/span> con ba\u00f1o privado y ba\u00f1era de relajaci\u00f3n.<\/p>\n<p class=\"p1\">\u2022 \u00a0<span class=\"s1\"><b>Welcome Cocktail<\/b><\/span> a tu llegada.<\/p>\n<p class=\"p2\"><span class=\"s2\">\u2022 \u00a0<\/span><b>Kit de Bienvenida Soul Journey.<\/b><b><\/b><\/p>\n<p class=\"p1\">\u2022 \u00a0<span class=\"s1\"><b>Meditaci\u00f3n privada<\/b><\/span> guiada por un facilitador experto.<\/p>\n<p class=\"p1\">\u2022 \u00a0<span class=\"s1\"><b>Sesi\u00f3n de coaching privado<\/b><\/span> para integrar tu experiencia.<\/p>\n<p class=\"p1\">\u2022 \u00a0<span class=\"s1\"><b>Un acompa\u00f1ante sin costo<\/b><\/span> para compartir esta experiencia contigo.<\/p>\n<p><span class=\"s1\">\u2022 \u00a0<\/span><b>Alimentos completos y nutritivos<\/b><span class=\"s1\"> durante todo el evento.<\/span><\/p>","protected":false},"featured_media":1228,"template":"","meta":{"_acf_changed":false},"product_brand":[],"product_cat":[27],"product_tag":[],"class_list":{"0":"post-1005","1":"product","2":"type-product","3":"status-publish","4":"has-post-thumbnail","6":"product_cat-experiencias","8":"first","9":"instock","10":"taxable","11":"shipping-taxable","12":"purchasable","13":"product-type-simple"},"acf":[],"jetpack_sharing_enabled":true,"_links":{"self":[{"href":"https:\/\/my-souljourney.com\/en\/wp-json\/wp\/v2\/product\/1005","targetHints":{"allow":["GET"]}}],"collection":[{"href":"https:\/\/my-souljourney.com\/en\/wp-json\/wp\/v2\/product"}],"about":[{"href":"https:\/\/my-souljourney.com\/en\/wp-json\/wp\/v2\/types\/product"}],"wp:featuredmedia":[{"embeddable":true,"href":"https:\/\/my-souljourney.com\/en\/wp-json\/wp\/v2\/media\/1228"}],"wp:attachment":[{"href":"https:\/\/my-souljourney.com\/en\/wp-json\/wp\/v2\/media?parent=1005"}],"wp:term":[{"taxonomy":"product_brand","embeddable":true,"href":"https:\/\/my-souljourney.com\/en\/wp-json\/wp\/v2\/product_brand?post=1005"},{"taxonomy":"product_cat","embeddable":true,"href":"https:\/\/my-souljourney.com\/en\/wp-json\/wp\/v2\/product_cat?post=1005"},{"taxonomy":"product_tag","embeddable":true,"href":"https:\/\/my-souljourney.com\/en\/wp-json\/wp\/v2\/product_tag?post=1005"}],"curies":[{"name":"wp","href":"https:\/\/api.w.org\/{rel}","templated":true}]}}